{"id":22,"date":"2026-03-04T10:50:35","date_gmt":"2026-03-04T09:50:35","guid":{"rendered":"https:\/\/staging.voltige.it\/?page_id=22"},"modified":"2026-04-01T11:51:05","modified_gmt":"2026-04-01T09:51:05","slug":"home","status":"publish","type":"page","link":"https:\/\/staging.voltige.it\/en\/","title":{"rendered":"Home"},"content":{"rendered":"<div data-elementor-type=\"wp-page\" data-elementor-id=\"22\" class=\"elementor elementor-22\" data-elementor-post-type=\"page\">\n\t\t\t\t<div class=\"elementor-element elementor-element-7ba86bf e-con-full e-flex e-con e-parent\" data-id=\"7ba86bf\" data-element_type=\"container\" data-e-type=\"container\">\n\t\t\t\t<div class=\"elementor-element elementor-element-c0d9ccb elementor-absolute e-transform dce_masking-none elementor-widget elementor-widget-image\" data-id=\"c0d9ccb\" data-element_type=\"widget\" data-e-type=\"widget\" data-settings=\"{&quot;_position&quot;:&quot;absolute&quot;,&quot;_transform_translateX_effect&quot;:{&quot;unit&quot;:&quot;%&quot;,&quot;size&quot;:-50,&quot;sizes&quot;:[]},&quot;_transform_translateX_effect_tablet&quot;:{&quot;unit&quot;:&quot;%&quot;,&quot;size&quot;:&quot;&quot;,&quot;sizes&quot;:[]},&quot;_transform_translateX_effect_mobile&quot;:{&quot;unit&quot;:&quot;%&quot;,&quot;size&quot;:&quot;&quot;,&quot;sizes&quot;:[]},&quot;_transform_translateY_effect&quot;:{&quot;unit&quot;:&quot;%&quot;,&quot;size&quot;:-50,&quot;sizes&quot;:[]},&quot;_transform_translateY_effect_tablet&quot;:{&quot;unit&quot;:&quot;%&quot;,&quot;size&quot;:&quot;&quot;,&quot;sizes&quot;:[]},&quot;_transform_translateY_effect_mobile&quot;:{&quot;unit&quot;:&quot;%&quot;,&quot;size&quot;:&quot;&quot;,&quot;sizes&quot;:[]}}\" data-widget_type=\"image.default\">\n\t\t\t\t\t\t\t\t\t\t\t\t\t\t\t<img fetchpriority=\"high\" decoding=\"async\" width=\"2500\" height=\"1875\" src=\"https:\/\/staging.voltige.it\/wp-content\/uploads\/2026\/03\/hero-1.jpg\" class=\"attachment-full size-full wp-image-330\" alt=\"\" srcset=\"https:\/\/staging.voltige.it\/wp-content\/uploads\/2026\/03\/hero-1.jpg 2500w, https:\/\/staging.voltige.it\/wp-content\/uploads\/2026\/03\/hero-1-300x225.jpg 300w, https:\/\/staging.voltige.it\/wp-content\/uploads\/2026\/03\/hero-1-1024x768.jpg 1024w, https:\/\/staging.voltige.it\/wp-content\/uploads\/2026\/03\/hero-1-768x576.jpg 768w, https:\/\/staging.voltige.it\/wp-content\/uploads\/2026\/03\/hero-1-1536x1152.jpg 1536w, https:\/\/staging.voltige.it\/wp-content\/uploads\/2026\/03\/hero-1-2048x1536.jpg 2048w\" sizes=\"(max-width: 2500px) 100vw, 2500px\" \/>\t\t\t\t\t\t\t\t\t\t\t\t\t\t\t<\/div>\n\t\t<div class=\"elementor-element elementor-element-656887f e-transform e-flex e-con-boxed e-con e-child\" data-id=\"656887f\" data-element_type=\"container\" data-e-type=\"container\" data-settings=\"{&quot;position&quot;:&quot;absolute&quot;,&quot;_transform_translateX_effect&quot;:{&quot;unit&quot;:&quot;%&quot;,&quot;size&quot;:-50,&quot;sizes&quot;:[]},&quot;_transform_translateX_effect_tablet&quot;:{&quot;unit&quot;:&quot;%&quot;,&quot;size&quot;:&quot;&quot;,&quot;sizes&quot;:[]},&quot;_transform_translateX_effect_mobile&quot;:{&quot;unit&quot;:&quot;%&quot;,&quot;size&quot;:&quot;&quot;,&quot;sizes&quot;:[]},&quot;_transform_translateY_effect&quot;:{&quot;unit&quot;:&quot;%&quot;,&quot;size&quot;:-50,&quot;sizes&quot;:[]},&quot;_transform_translateY_effect_tablet&quot;:{&quot;unit&quot;:&quot;%&quot;,&quot;size&quot;:&quot;&quot;,&quot;sizes&quot;:[]},&quot;_transform_translateY_effect_mobile&quot;:{&quot;unit&quot;:&quot;%&quot;,&quot;size&quot;:&quot;&quot;,&quot;sizes&quot;:[]}}\">\n\t\t\t\t\t<div class=\"e-con-inner\">\n\t\t\t\t<div class=\"elementor-element elementor-element-6d51579 dce_masking-none elementor-widget elementor-widget-image\" data-id=\"6d51579\" data-element_type=\"widget\" data-e-type=\"widget\" data-widget_type=\"image.default\">\n\t\t\t\t\t\t\t\t\t\t\t\t\t\t\t<img decoding=\"async\" width=\"603\" height=\"273\" src=\"https:\/\/staging.voltige.it\/wp-content\/uploads\/2026\/03\/Home_hero_logo.png\" class=\"attachment-medium_large size-medium_large wp-image-965\" alt=\"\" srcset=\"https:\/\/staging.voltige.it\/wp-content\/uploads\/2026\/03\/Home_hero_logo.png 603w, https:\/\/staging.voltige.it\/wp-content\/uploads\/2026\/03\/Home_hero_logo-300x136.png 300w\" sizes=\"(max-width: 603px) 100vw, 603px\" \/>\t\t\t\t\t\t\t\t\t\t\t\t\t\t\t<\/div>\n\t\t\t\t\t<\/div>\n\t\t\t\t<\/div>\n\t\t\t\t<\/div>\n\t\t<div class=\"elementor-element elementor-element-16e139e e-flex e-con-boxed e-con e-parent\" data-id=\"16e139e\" data-element_type=\"container\" data-e-type=\"container\">\n\t\t\t\t\t<div class=\"e-con-inner\">\n\t\t<div class=\"elementor-element elementor-element-c3340eb e-con-full animated-slow e-flex elementor-invisible e-con e-child\" data-id=\"c3340eb\" data-element_type=\"container\" data-e-type=\"container\" data-settings=\"{&quot;animation&quot;:&quot;fadeIn&quot;,&quot;animation_delay&quot;:600}\">\n\t\t\t\t<div class=\"elementor-element elementor-element-69bd23e elementor-widget elementor-widget-heading\" data-id=\"69bd23e\" data-element_type=\"widget\" data-e-type=\"widget\" data-widget_type=\"heading.default\">\n\t\t\t\t\t<h6 class=\"elementor-heading-title elementor-size-default\">Met uitzicht op de Catria, Petrano en Nerone, nabij Furlo en tussen de valleien van de Maiano en Metauro en al het moois dat de \u201cAlte Marche\u201d te bieden heeft, ligt de wijngaard van de familie Labeeuw op de hellingen \nvan Monte di Porrea in Smirra di Cagli.<\/h6>\t\t\t\t<\/div>\n\t\t\t\t<\/div>\n\t\t\t\t\t<\/div>\n\t\t\t\t<\/div>\n\t\t<div data-dce-background-image-url=\"https:\/\/staging.voltige.it\/wp-content\/uploads\/2026\/03\/Achtergrond-scaled.jpg\" class=\"elementor-element elementor-element-584395c e-flex e-con-boxed e-con e-parent\" data-id=\"584395c\" data-element_type=\"container\" data-e-type=\"container\" data-settings=\"{&quot;background_background&quot;:&quot;classic&quot;}\">\n\t\t\t\t\t<div class=\"e-con-inner\">\n\t\t<div class=\"elementor-element elementor-element-38c6d5f e-con-full e-flex e-con e-child\" data-id=\"38c6d5f\" data-element_type=\"container\" data-e-type=\"container\">\n\t\t<div class=\"elementor-element elementor-element-b90c802 e-con-full animated-slow e-flex elementor-invisible e-con e-child\" data-id=\"b90c802\" data-element_type=\"container\" data-e-type=\"container\" data-settings=\"{&quot;animation&quot;:&quot;fadeIn&quot;,&quot;animation_delay&quot;:400}\">\n\t\t\t\t<div class=\"elementor-element elementor-element-280361b elementor-widget elementor-widget-heading\" data-id=\"280361b\" data-element_type=\"widget\" data-e-type=\"widget\" data-widget_type=\"heading.default\">\n\t\t\t\t\t<h2 class=\"elementor-heading-title elementor-size-default\">I nostri \nvini<\/h2>\t\t\t\t<\/div>\n\t\t\t\t<\/div>\n\t\t\t\t<div class=\"elementor-element elementor-element-52889c6 animated-slow elementor-invisible elementor-widget elementor-widget-text-editor\" data-id=\"52889c6\" data-element_type=\"widget\" data-e-type=\"widget\" data-settings=\"{&quot;_animation&quot;:&quot;fadeIn&quot;,&quot;_animation_delay&quot;:800}\" data-widget_type=\"text-editor.default\">\n\t\t\t\t\t\t\t\t\t<p>A Monte di Porrea produciamo vini nel rispetto della natura e della tradizione. Offriamo un rosso, un bianco e un rosato, ognuno con il proprio carattere legato al territorio.<\/p>\t\t\t\t\t\t\t\t<\/div>\n\t\t\t\t<div data-dce-background-color=\"#FF999100\" class=\"elementor-element elementor-element-64e4be5 animated-slow elementor-invisible elementor-widget elementor-widget-button\" data-id=\"64e4be5\" data-element_type=\"widget\" data-e-type=\"widget\" data-settings=\"{&quot;_animation&quot;:&quot;fadeIn&quot;,&quot;_animation_delay&quot;:1200}\" data-widget_type=\"button.default\">\n\t\t\t\t\t\t\t\t\t\t<a class=\"elementor-button elementor-button-link elementor-size-sm\" href=\"#\">\n\t\t\t\t\t\t<span class=\"elementor-button-content-wrapper\">\n\t\t\t\t\t\t<span class=\"elementor-button-icon\">\n\t\t\t\t<svg xmlns=\"http:\/\/www.w3.org\/2000\/svg\" width=\"11\" height=\"8\" viewbox=\"0 0 11 8\" fill=\"none\"><path d=\"M0.502224 3.15601C0.226085 3.15478 0.00123347 3.37764 4.94719e-06 3.65378C-0.00122357 3.92992 0.221636 4.15477 0.497776 4.156L0.5 3.65601L0.502224 3.15601ZM9.86713 4.05124C10.0633 3.85684 10.0647 3.54027 9.87027 3.34414L6.70248 0.148031C6.50809 -0.0480978 6.19151 -0.0495062 5.99538 0.144885C5.79925 0.339277 5.79784 0.655856 5.99223 0.851985L8.80805 3.69297L5.96707 6.50878C5.77094 6.70317 5.76953 7.01975 5.96392 7.21588C6.15831 7.41201 6.47489 7.41342 6.67102 7.21903L9.86713 4.05124ZM0.5 3.65601L0.497776 4.156L9.51292 4.19611L9.51515 3.69611L9.51737 3.19612L0.502224 3.15601L0.5 3.65601Z\"><\/path><\/svg>\t\t\t<\/span>\n\t\t\t\t\t\t\t\t\t<span class=\"elementor-button-text\">Scopri di pi\u00f9<\/span>\n\t\t\t\t\t<\/span>\n\t\t\t\t\t<\/a>\n\t\t\t\t\t\t\t\t<\/div>\n\t\t\t\t<\/div>\n\t\t\t\t<div class=\"elementor-element elementor-element-edda517 elementor-absolute dce_masking-none elementor-widget elementor-widget-image\" data-id=\"edda517\" data-element_type=\"widget\" data-e-type=\"widget\" data-settings=\"{&quot;_position&quot;:&quot;absolute&quot;}\" data-widget_type=\"image.default\">\n\t\t\t\t\t\t\t\t\t\t\t\t\t\t\t<img decoding=\"async\" width=\"768\" height=\"520\" src=\"https:\/\/staging.voltige.it\/wp-content\/uploads\/2026\/03\/Hand-768x520.png\" class=\"attachment-medium_large size-medium_large wp-image-49\" alt=\"\" srcset=\"https:\/\/staging.voltige.it\/wp-content\/uploads\/2026\/03\/Hand-768x520.png 768w, https:\/\/staging.voltige.it\/wp-content\/uploads\/2026\/03\/Hand-300x203.png 300w, https:\/\/staging.voltige.it\/wp-content\/uploads\/2026\/03\/Hand-1024x693.png 1024w, https:\/\/staging.voltige.it\/wp-content\/uploads\/2026\/03\/Hand.png 1524w\" sizes=\"(max-width: 768px) 100vw, 768px\" \/>\t\t\t\t\t\t\t\t\t\t\t\t\t\t\t<\/div>\n\t\t\t\t<div class=\"elementor-element elementor-element-dc48cd4 elementor-absolute animated-slow dce_masking-none elementor-invisible elementor-widget elementor-widget-image\" data-id=\"dc48cd4\" data-element_type=\"widget\" data-e-type=\"widget\" data-settings=\"{&quot;_position&quot;:&quot;absolute&quot;,&quot;_animation&quot;:&quot;fadeIn&quot;,&quot;_animation_delay&quot;:400}\" data-widget_type=\"image.default\">\n\t\t\t\t\t\t\t\t\t\t\t\t\t\t\t<img loading=\"lazy\" decoding=\"async\" width=\"768\" height=\"1872\" src=\"https:\/\/staging.voltige.it\/wp-content\/uploads\/2026\/03\/Wijnfles-1-768x1872.png\" class=\"attachment-medium_large size-medium_large wp-image-51\" alt=\"\" srcset=\"https:\/\/staging.voltige.it\/wp-content\/uploads\/2026\/03\/Wijnfles-1-768x1872.png 768w, https:\/\/staging.voltige.it\/wp-content\/uploads\/2026\/03\/Wijnfles-1-123x300.png 123w, https:\/\/staging.voltige.it\/wp-content\/uploads\/2026\/03\/Wijnfles-1-420x1024.png 420w, https:\/\/staging.voltige.it\/wp-content\/uploads\/2026\/03\/Wijnfles-1-630x1536.png 630w, https:\/\/staging.voltige.it\/wp-content\/uploads\/2026\/03\/Wijnfles-1-840x2048.png 840w, https:\/\/staging.voltige.it\/wp-content\/uploads\/2026\/03\/Wijnfles-1.png 852w\" sizes=\"(max-width: 768px) 100vw, 768px\" \/>\t\t\t\t\t\t\t\t\t\t\t\t\t\t\t<\/div>\n\t\t\t\t\t<\/div>\n\t\t\t\t<\/div>\n\t\t<div class=\"elementor-element elementor-element-651b8dd e-flex e-con-boxed e-con e-parent\" data-id=\"651b8dd\" data-element_type=\"container\" data-e-type=\"container\">\n\t\t\t\t\t<div class=\"e-con-inner\">\n\t\t<div class=\"elementor-element elementor-element-7bf9ee0 e-con-full e-flex e-con e-child\" data-id=\"7bf9ee0\" data-element_type=\"container\" data-e-type=\"container\">\n\t\t<div class=\"elementor-element elementor-element-bef00a9 e-con-full animated-slow e-flex elementor-invisible e-con e-child\" data-id=\"bef00a9\" data-element_type=\"container\" data-e-type=\"container\" data-settings=\"{&quot;animation&quot;:&quot;fadeIn&quot;,&quot;animation_delay&quot;:400}\">\n\t\t\t\t<div class=\"elementor-element elementor-element-ef13db6 elementor-widget elementor-widget-heading\" data-id=\"ef13db6\" data-element_type=\"widget\" data-e-type=\"widget\" data-widget_type=\"heading.default\">\n\t\t\t\t\t<h2 class=\"elementor-heading-title elementor-size-default\">Un terroir con \nuna storia<\/h2>\t\t\t\t<\/div>\n\t\t\t\t<\/div>\n\t\t\t\t<div class=\"elementor-element elementor-element-9fddca0 animated-slow elementor-invisible elementor-widget elementor-widget-text-editor\" data-id=\"9fddca0\" data-element_type=\"widget\" data-e-type=\"widget\" data-settings=\"{&quot;_animation&quot;:&quot;fadeIn&quot;,&quot;_animation_delay&quot;:800}\" data-widget_type=\"text-editor.default\">\n\t\t\t\t\t\t\t\t\t<p>\u00c8 stato avviato pi\u00f9 di 100 anni fa e ha continuato a essere coltivato dalla famiglia Bucchi dal 1928. Il vino godeva di una buona reputazione anche oltre la zona Cagliese.<\/p><p>\u00a0<\/p><p>\u00a0<\/p><p><strong>Originariamente, il vigneto era composto da due parti:\u2028<\/strong><\/p><ul role=\"list\"><li>Nella parte superiore si coltivava principalmente Sangiovese, Barbera, Petrignone, Lacrima\u2026 con vari rossi locali nel mezzo.\u2028<\/li><li>La parte in basso era riservata principalmente ai vitigni a bacca bianca: Bianchello, Malvasia\u2026<\/li><\/ul>\t\t\t\t\t\t\t\t<\/div>\n\t\t\t\t<\/div>\n\t\t<div class=\"elementor-element elementor-element-0673e60 e-con-full animated-slow e-flex elementor-invisible e-con e-child\" data-id=\"0673e60\" data-element_type=\"container\" data-e-type=\"container\" data-settings=\"{&quot;animation&quot;:&quot;fadeIn&quot;,&quot;animation_delay&quot;:400}\">\n\t\t\t\t<div class=\"elementor-element elementor-element-e4e09d2 dce_masking-none elementor-widget elementor-widget-image\" data-id=\"e4e09d2\" data-element_type=\"widget\" data-e-type=\"widget\" data-widget_type=\"image.default\">\n\t\t\t\t\t\t\t\t\t\t\t\t\t\t\t<img loading=\"lazy\" decoding=\"async\" width=\"768\" height=\"758\" src=\"https:\/\/staging.voltige.it\/wp-content\/uploads\/2026\/03\/carolina-marinelli-768x758.jpg\" class=\"attachment-medium_large size-medium_large wp-image-164\" alt=\"\" srcset=\"https:\/\/staging.voltige.it\/wp-content\/uploads\/2026\/03\/carolina-marinelli-768x758.jpg 768w, https:\/\/staging.voltige.it\/wp-content\/uploads\/2026\/03\/carolina-marinelli-300x296.jpg 300w, https:\/\/staging.voltige.it\/wp-content\/uploads\/2026\/03\/carolina-marinelli.jpg 839w\" sizes=\"(max-width: 768px) 100vw, 768px\" \/>\t\t\t\t\t\t\t\t\t\t\t\t\t\t\t<\/div>\n\t\t\t\t<\/div>\n\t\t\t\t\t<\/div>\n\t\t\t\t<\/div>\n\t\t<div class=\"elementor-element elementor-element-8b407fa e-flex e-con-boxed e-con e-parent\" data-id=\"8b407fa\" data-element_type=\"container\" data-e-type=\"container\" data-settings=\"{&quot;background_background&quot;:&quot;classic&quot;}\">\n\t\t\t\t\t<div class=\"e-con-inner\">\n\t\t<div class=\"elementor-element elementor-element-3d698c8 e-con-full animated-slow e-flex elementor-invisible e-con e-child\" data-id=\"3d698c8\" data-element_type=\"container\" data-e-type=\"container\" data-settings=\"{&quot;animation&quot;:&quot;fadeIn&quot;,&quot;animation_delay&quot;:400}\">\n\t\t\t\t<div class=\"elementor-element elementor-element-efc020b dce_masking-none elementor-widget elementor-widget-image\" data-id=\"efc020b\" data-element_type=\"widget\" data-e-type=\"widget\" data-widget_type=\"image.default\">\n\t\t\t\t\t\t\t\t\t\t\t\t\t\t\t<img loading=\"lazy\" decoding=\"async\" width=\"694\" height=\"1024\" src=\"https:\/\/staging.voltige.it\/wp-content\/uploads\/2026\/03\/carolina-marinelli_grapes-1-694x1024.jpg\" class=\"attachment-large size-large wp-image-193\" alt=\"\" srcset=\"https:\/\/staging.voltige.it\/wp-content\/uploads\/2026\/03\/carolina-marinelli_grapes-1-694x1024.jpg 694w, https:\/\/staging.voltige.it\/wp-content\/uploads\/2026\/03\/carolina-marinelli_grapes-1-203x300.jpg 203w, https:\/\/staging.voltige.it\/wp-content\/uploads\/2026\/03\/carolina-marinelli_grapes-1-768x1133.jpg 768w, https:\/\/staging.voltige.it\/wp-content\/uploads\/2026\/03\/carolina-marinelli_grapes-1.jpg 860w\" sizes=\"(max-width: 694px) 100vw, 694px\" \/>\t\t\t\t\t\t\t\t\t\t\t\t\t\t\t<\/div>\n\t\t\t\t<\/div>\n\t\t<div class=\"elementor-element elementor-element-da230db e-con-full e-flex e-con e-child\" data-id=\"da230db\" data-element_type=\"container\" data-e-type=\"container\">\n\t\t\t\t<div class=\"elementor-element elementor-element-db05584 animated-slow elementor-invisible elementor-widget elementor-widget-text-editor\" data-id=\"db05584\" data-element_type=\"widget\" data-e-type=\"widget\" data-settings=\"{&quot;_animation&quot;:&quot;fadeIn&quot;,&quot;_animation_delay&quot;:800}\" data-widget_type=\"text-editor.default\">\n\t\t\t\t\t\t\t\t\t<p>Quando G\u00e9rard Labeeuw ha acquistato la propriet\u00e0 nel 2019, ha esitato a mantenere il vigneto \u2014 la quantit\u00e0 di lavori di restauro lo dissuadeva. Ma la sfida di ripristinare il vecchio vigneto nel rispetto della tradizione, con lo stesso metodo di impianto e con gli stessi vitigni, era troppo grande!\u2028<\/p><p><strong>Cos\u00ec come l\u2019obiettivo di perseguire la qualit\u00e0 e la reputazione del passato. Sempre con il motto:<\/strong><\/p>\t\t\t\t\t\t\t\t<\/div>\n\t\t\t\t<\/div>\n\t\t\t\t\t<\/div>\n\t\t\t\t<\/div>\n\t\t<div class=\"elementor-element elementor-element-ebca7c6 e-flex e-con-boxed e-con e-parent\" data-id=\"ebca7c6\" data-element_type=\"container\" data-e-type=\"container\">\n\t\t\t\t\t<div class=\"e-con-inner\">\n\t\t<div class=\"elementor-element elementor-element-cf144ce e-con-full e-flex e-con e-child\" data-id=\"cf144ce\" data-element_type=\"container\" data-e-type=\"container\">\n\t\t\t\t<div class=\"elementor-element elementor-element-b74f55d animated-slow elementor-invisible elementor-widget elementor-widget-text-editor\" data-id=\"b74f55d\" data-element_type=\"widget\" data-e-type=\"widget\" data-settings=\"{&quot;_animation&quot;:&quot;fadeIn&quot;,&quot;_animation_delay&quot;:800}\" data-widget_type=\"text-editor.default\">\n\t\t\t\t\t\t\t\t\t<p><strong>Poi, nel 2015, \u00e8 stato ripristinato il &#8220;vigneto bianco&#8221;. Con una grande variet\u00e0 di variet\u00e0: Bianchello, Malvasia, Pecorino, Moscato&#8230; che in realt\u00e0 non avevano coerenza e quindi abbiamo scelto di ripartire da zero e di piantare l&#8217;&nbsp;<\/strong><\/p><p><strong><br><\/strong><\/p><p><strong>&#8220;Incorcio Bruni 54&#8221;: &#8216;Sauvignon Blanc&#8217; e &#8216;Verdicchio&#8217;, il meglio dei due mondi. Entrambe le variet\u00e0 si uniscono nell&#8217;IB54 in una sinergia unica e perfetta.<\/strong><\/p>\n<p><strong>&nbsp;<\/strong><\/p>\n<p>Un&#8217;uva relativamente moderna con basse rese per ettaro: piccoli acini e piccoli granchi d&#8217;uva, poco interessante per chi cerca la quantit\u00e0 ma molto affascinante per chi vuole fare un vino di qualit\u00e0 con un sapore speciale piacevole e molto riconoscibile.<\/p>\n<p><br><\/p>\n<p>Dal 2020 al 2023 sono stati piantati ulteriori ettari con diverse variet\u00e0 di uva: Sauvignon Rosso, Merlot, Cabernet Franc, Incrocia Bruni, ma soprattutto Sangiovese Grosso VCR5.<\/p>\n<p><br><\/p><p>Tutte vengono coltivate con la stessa cura e speriamo che contribuiscano a un futuro promettente per i \u201cVini Voltige\u201d.<\/p>\t\t\t\t\t\t\t\t<\/div>\n\t\t\t\t<\/div>\n\t\t<div class=\"elementor-element elementor-element-611a6e6 e-con-full animated-slow e-flex elementor-invisible e-con e-child\" data-id=\"611a6e6\" data-element_type=\"container\" data-e-type=\"container\" data-settings=\"{&quot;animation&quot;:&quot;fadeIn&quot;,&quot;animation_delay&quot;:400}\">\n\t\t\t\t<div class=\"elementor-element elementor-element-bdb18a4 dce_masking-none elementor-widget elementor-widget-image\" data-id=\"bdb18a4\" data-element_type=\"widget\" data-e-type=\"widget\" data-widget_type=\"image.default\">\n\t\t\t\t\t\t\t\t\t\t\t\t\t\t\t<img loading=\"lazy\" decoding=\"async\" width=\"768\" height=\"752\" src=\"https:\/\/staging.voltige.it\/wp-content\/uploads\/2026\/03\/Harvest-1-768x752.jpg\" class=\"attachment-medium_large size-medium_large wp-image-195\" alt=\"\" srcset=\"https:\/\/staging.voltige.it\/wp-content\/uploads\/2026\/03\/Harvest-1-768x752.jpg 768w, https:\/\/staging.voltige.it\/wp-content\/uploads\/2026\/03\/Harvest-1-300x294.jpg 300w, https:\/\/staging.voltige.it\/wp-content\/uploads\/2026\/03\/Harvest-1.jpg 839w\" sizes=\"(max-width: 768px) 100vw, 768px\" \/>\t\t\t\t\t\t\t\t\t\t\t\t\t\t\t<\/div>\n\t\t\t\t<\/div>\n\t\t\t\t\t<\/div>\n\t\t\t\t<\/div>\n\t\t\t\t<\/div>","protected":false},"excerpt":{"rendered":"<p>Met uitzicht op de Catria, Petrano en Nerone, nabij Furlo en tussen de valleien van de Maiano en Metauro en al het moois dat de \u201cAlte Marche\u201d te bieden heeft, ligt de wijngaard van de familie Labeeuw op de hellingen van Monte di Porrea in Smirra di Cagli. I nostri vini A Monte di Porrea [&hellip;]<\/p>\n","protected":false},"author":3,"featured_media":0,"parent":0,"menu_order":1,"comment_status":"closed","ping_status":"closed","template":"elementor_header_footer","meta":{"_acf_changed":false,"footnotes":""},"class_list":["post-22","page","type-page","status-publish","hentry"],"acf":[],"_links":{"self":[{"href":"https:\/\/staging.voltige.it\/en\/wp-json\/wp\/v2\/pages\/22","targetHints":{"allow":["GET"]}}],"collection":[{"href":"https:\/\/staging.voltige.it\/en\/wp-json\/wp\/v2\/pages"}],"about":[{"href":"https:\/\/staging.voltige.it\/en\/wp-json\/wp\/v2\/types\/page"}],"author":[{"embeddable":true,"href":"https:\/\/staging.voltige.it\/en\/wp-json\/wp\/v2\/users\/3"}],"replies":[{"embeddable":true,"href":"https:\/\/staging.voltige.it\/en\/wp-json\/wp\/v2\/comments?post=22"}],"version-history":[{"count":201,"href":"https:\/\/staging.voltige.it\/en\/wp-json\/wp\/v2\/pages\/22\/revisions"}],"predecessor-version":[{"id":1107,"href":"https:\/\/staging.voltige.it\/en\/wp-json\/wp\/v2\/pages\/22\/revisions\/1107"}],"wp:attachment":[{"href":"https:\/\/staging.voltige.it\/en\/wp-json\/wp\/v2\/media?parent=22"}],"curies":[{"name":"wp","href":"https:\/\/api.w.org\/{rel}","templated":true}]}}